{"id":3,"date":"2023-05-31T11:21:17","date_gmt":"2023-05-31T09:21:17","guid":{"rendered":"https:\/?page_id=3"},"modified":"2023-07-21T11:50:18","modified_gmt":"2023-07-21T09:50:18","slug":"politica-privadesa","status":"publish","type":"page","link":"https:\/\/grupengind.com\/en\/politica-privadesa\/","title":{"rendered":"Privacy Policy"},"content":{"rendered":"<div data-elementor-type=\"wp-page\" data-elementor-id=\"3\" class=\"elementor elementor-3\" data-elementor-post-type=\"page\">\n\t\t\t\t\t\t<section class=\"elementor-section elementor-top-section elementor-element elementor-element-6fefdde3 elementor-section-boxed elementor-section-height-default elementor-section-height-default\" data-id=\"6fefdde3\" data-element_type=\"section\" data-e-type=\"section\">\n\t\t\t\t\t\t<div class=\"elementor-container elementor-column-gap-default\">\n\t\t\t\t\t<div class=\"elementor-column elementor-col-100 elementor-top-column elementor-element elementor-element-4a67a9a3\" data-id=\"4a67a9a3\" data-element_type=\"column\" data-e-type=\"column\">\n\t\t\t<div class=\"elementor-widget-wrap elementor-element-populated\">\n\t\t\t\t\t\t<div class=\"elementor-element elementor-element-5c19f825 elementor-widget elementor-widget-text-editor\" data-id=\"5c19f825\" data-element_type=\"widget\" data-e-type=\"widget\" data-widget_type=\"text-editor.default\">\n\t\t\t\t<div class=\"elementor-widget-container\">\n\t\t\t\t\t\t\t\t\t\n<h3 class=\"wp-block-heading\">Privacy Policy<\/h3>\n\n\n\n<p>At Grupengind.es, we take the privacy of our users very seriously. This privacy policy describes how we collect, use and protect your personal information.<\/p>\n\n\n\n<h4 class=\"wp-block-heading\">Collection of information<\/h4>\n\n\n\n<p>When you visit our website, we may collect certain personal information, such as your name, email address and IP address. We may also collect information about how you use our website, such as the pages you visit and the time you spend on each.<\/p>\n\n\n\n<h4 class=\"wp-block-heading\">Use of information<\/h4>\n\n\n\n<p>We use the information we collect to provide you with our services and improve your experience on our website. We may also use your information to send you information about our products and services.<\/p>\n\n\n\n<h4 class=\"wp-block-heading\">Protection of information<\/h4>\n\n\n\n<p>We take reasonable steps to protect your personal information from loss, misuse and unauthorized access. We use physical, electronic and procedural security measures to protect your information.<\/p>\n\n\n\n<h4 class=\"wp-block-heading\">Disclosure of information<\/h4>\n\n\n\n<p>We may share your personal information with third parties under certain circumstances, such as when necessary to comply with a law or legal process, to protect our rights or property, or to protect the safety of our users.<\/p>\n\n\n\n<h4 class=\"wp-block-heading\">Links to other websites<\/h4>\n\n\n\n<p>Our website may contain links to other websites. We are not responsible for the privacy practices of these websites and encourage you to read their privacy policies before providing personal information.<\/p>\n\n\n\n<h4 class=\"wp-block-heading\">Changes to this privacy policy<\/h4>\n\n\n\n<p>We may update this privacy policy from time to time. If we make significant changes to the way we use your personal information, we will notify you by posting on our website or by email.<\/p>\n\n\n\n<h4 class=\"wp-block-heading\">contact<\/h4>\n\n\n\n<p>If you have any questions about our privacy policy, please contact us at&nbsp;<a href=\"mailto:info@engind.es\">info@engind.es<\/a>.<\/p>\n\t\t\t\t\t\t\t\t<\/div>\n\t\t\t\t<\/div>\n\t\t\t\t\t<\/div>\n\t\t<\/div>\n\t\t\t\t\t<\/div>\n\t\t<\/section>\n\t\t\t\t<\/div>","protected":false},"excerpt":{"rendered":"<p>Pol\u00edtica de Privadesa A Grupengind.es, ens prenem molt seriosament la privadesa dels nostres usuaris. Aquesta pol\u00edtica de privadesa descriu com recopilem, utilitzem i protegim la vostra informaci\u00f3 personal. Recull d&#8217;informaci\u00f3 Quan visiteu el nostre lloc web, podem recopilar certa informaci\u00f3 personal, com el vostre nom, adre\u00e7a de correu electr\u00f2nic i adre\u00e7a IP. Tamb\u00e9 podem recopilar [&hellip;]<\/p>\n","protected":false},"author":1,"featured_media":0,"parent":0,"menu_order":0,"comment_status":"closed","ping_status":"closed","template":"","meta":{"_acf_changed":false,"_uag_custom_page_level_css":"","site-sidebar-layout":"default","site-content-layout":"","ast-site-content-layout":"default","site-content-style":"default","site-sidebar-style":"default","ast-global-header-display":"","ast-banner-title-visibility":"","ast-main-header-display":"","ast-hfb-above-header-display":"","ast-hfb-below-header-display":"","ast-hfb-mobile-header-display":"","site-post-title":"disabled","ast-breadcrumbs-content":"","ast-featured-img":"","footer-sml-layout":"","ast-disable-related-posts":"","theme-transparent-header-meta":"","adv-header-id-meta":"","stick-header-meta":"","header-above-stick-meta":"","header-main-stick-meta":"","header-below-stick-meta":"","astra-migrate-meta-layouts":"default","ast-page-background-enabled":"default","ast-page-background-meta":{"desktop":{"background-color":"var(--ast-global-color-4)","background-image":"","background-repeat":"repeat","background-position":"center center","background-size":"auto","background-attachment":"scroll","background-type":"","background-media":"","overlay-type":"","overlay-color":"","overlay-opacity":"","overlay-gradient":""},"tablet":{"background-color":"","background-image":"","background-repeat":"repeat","background-position":"center center","background-size":"auto","background-attachment":"scroll","background-type":"","background-media":"","overlay-type":"","overlay-color":"","overlay-opacity":"","overlay-gradient":""},"mobile":{"background-color":"","background-image":"","background-repeat":"repeat","background-position":"center center","background-size":"auto","background-attachment":"scroll","background-type":"","background-media":"","overlay-type":"","overlay-color":"","overlay-opacity":"","overlay-gradient":""}},"ast-content-background-meta":{"desktop":{"background-color":"var(--ast-global-color-5)","background-image":"","background-repeat":"repeat","background-position":"center center","background-size":"auto","background-attachment":"scroll","background-type":"","background-media":"","overlay-type":"","overlay-color":"","overlay-opacity":"","overlay-gradient":""},"tablet":{"background-color":"var(--ast-global-color-5)","background-image":"","background-repeat":"repeat","background-position":"center center","background-size":"auto","background-attachment":"scroll","background-type":"","background-media":"","overlay-type":"","overlay-color":"","overlay-opacity":"","overlay-gradient":""},"mobile":{"background-color":"var(--ast-global-color-5)","background-image":"","background-repeat":"repeat","background-position":"center center","background-size":"auto","background-attachment":"scroll","background-type":"","background-media":"","overlay-type":"","overlay-color":"","overlay-opacity":"","overlay-gradient":""}},"footnotes":""},"class_list":["post-3","page","type-page","status-publish","hentry"],"acf":[],"uagb_featured_image_src":{"full":false,"thumbnail":false,"medium":false,"medium_large":false,"large":false,"1536x1536":false,"2048x2048":false,"trp-custom-language-flag":false},"uagb_author_info":{"display_name":"francesc@articagency.com","author_link":"https:\/\/grupengind.com\/en\/author\/francescarticagency-com\/"},"uagb_comment_info":0,"uagb_excerpt":"Pol\u00edtica de Privadesa A Grupengind.es, ens prenem molt seriosament la privadesa dels nostres usuaris. Aquesta pol\u00edtica de privadesa descriu com recopilem, utilitzem i protegim la vostra informaci\u00f3 personal. Recull d&#8217;informaci\u00f3 Quan visiteu el nostre lloc web, podem recopilar certa informaci\u00f3 personal, com el vostre nom, adre\u00e7a de correu electr\u00f2nic i adre\u00e7a IP. Tamb\u00e9 podem recopilar&hellip;","_links":{"self":[{"href":"https:\/\/grupengind.com\/en\/wp-json\/wp\/v2\/pages\/3","targetHints":{"allow":["GET"]}}],"collection":[{"href":"https:\/\/grupengind.com\/en\/wp-json\/wp\/v2\/pages"}],"about":[{"href":"https:\/\/grupengind.com\/en\/wp-json\/wp\/v2\/types\/page"}],"author":[{"embeddable":true,"href":"https:\/\/grupengind.com\/en\/wp-json\/wp\/v2\/users\/1"}],"replies":[{"embeddable":true,"href":"https:\/\/grupengind.com\/en\/wp-json\/wp\/v2\/comments?post=3"}],"version-history":[{"count":4,"href":"https:\/\/grupengind.com\/en\/wp-json\/wp\/v2\/pages\/3\/revisions"}],"predecessor-version":[{"id":1493,"href":"https:\/\/grupengind.com\/en\/wp-json\/wp\/v2\/pages\/3\/revisions\/1493"}],"wp:attachment":[{"href":"https:\/\/grupengind.com\/en\/wp-json\/wp\/v2\/media?parent=3"}],"curies":[{"name":"wp","href":"https:\/\/api.w.org\/{rel}","templated":true}]}}