{"id":5,"date":"2022-10-13T08:04:04","date_gmt":"2022-10-13T08:04:04","guid":{"rendered":"https:\/home\/"},"modified":"2025-04-07T12:46:37","modified_gmt":"2025-04-07T10:46:37","slug":"home","status":"publish","type":"page","link":"https:\/\/grupengind.com\/en\/","title":{"rendered":"man"},"content":{"rendered":"<div class=\"wp-block-uagb-container uagb-block-9447974b alignfull uagb-is-root-container\"><div class=\"uagb-container__video-wrap\"><video autoplay loop muted playsinline><source src=\"https:\/\/grupengind.com\/wp-content\/uploads\/2023\/06\/grup-engind.mp4\" type=\"video\/mp4\"\/><\/video><\/div><div class=\"uagb-container-inner-blocks-wrap\">\n<div class=\"wp-block-uagb-container uagb-block-95ffe8a3\">\n<div class=\"wp-block-uagb-advanced-heading uagb-block-834c59c8\"><h1 class=\"uagb-heading-text\">The industrial real estate developer of the future<\/h1><p class=\"uagb-desc-text\">Technology and ingenuity for tailor-made solutions.<\/p><\/div>\n\n\n\n<div class=\"wp-block-buttons is-layout-flex wp-block-buttons-is-layout-flex\">\n<div class=\"wp-block-button is-style-fill\"><a class=\"wp-block-button__link has-ast-global-color-5-color has-text-color has-background wp-element-button\" style=\"background-color:#4a99d1\">OUR ASSETS<\/a><\/div>\n<\/div>\n<\/div>\n<\/div><\/div>\n\n\n\n<div class=\"wp-block-uagb-container uagb-block-a75ae043 alignfull uagb-is-root-container\"><div class=\"uagb-container-inner-blocks-wrap\">\n<div class=\"wp-block-uagb-container uagb-block-f36ec985\"><\/div>\n\n\n\n<div class=\"wp-block-uagb-container uagb-block-c2176169\">\n<div class=\"wp-block-uagb-advanced-heading uagb-block-c5187b17\"><h3 class=\"uagb-heading-text\">Designing the future of industry, today<\/h3><\/div>\n\n\n\n<div class=\"wp-block-uagb-container uagb-block-6ccbe25c\">\n<p>In a constantly evolving world, we understand the importance of being at the forefront of the industry and anticipating technological and environmental changes. That is why we strive to create projects that integrate the latest trends in design, technology and sustainability, providing our clients with an optimal and highly functional work environment.<\/p>\n\n\n\n<p>Our vision is based on the creation of intelligent industrial spaces that promote productivity, energy efficiency and people&#039;s well-being. We work closely with architects, engineers and real estate development experts to ensure that each project meets the highest quality standards and is designed to maximize performance and profitability for our clients.<\/p>\n<\/div>\n\n\n\n<div class=\"wp-block-uagb-buttons uagb-buttons__outer-wrap uagb-btn__default-btn uagb-btn-tablet__default-btn uagb-btn-mobile__default-btn uagb-block-ea06d82d\"><div class=\"uagb-buttons__wrap uagb-buttons-layout-wrap\">\n<div class=\"wp-block-uagb-buttons-child uagb-buttons__outer-wrap uagb-block-0d444f56 wp-block-button\"><div class=\"uagb-button__wrapper\"><a class=\"uagb-buttons-repeater wp-block-button__link\" aria-label=\"\" href=\"https:\/\/\/en\/nosaltres\/\" rel=\"follow noopener\" target=\"_self\" role=\"button\"><div class=\"uagb-button__link\">About us<\/div><span class=\"uagb-button__icon uagb-button__icon-position-after\"><svg xmlns=\"https:\/\/www.w3.org\/2000\/svg\" viewbox=\"0 0 448 512\" aria-hidden=\"true\" focussable=\"false\"><path d=\"M438.6 278.6l-160 160C272.4 444.9 264.2 448 256 448s-16.38-3.125-22.62-9.375c-12.5-12.5-12.5-32.75 0-45.25L338.8 288H32C14.33 288 .0016 273.7 .0016 256S14.33 224 32 224h306.8l-105.4-105.4c-12.5-12.5-12.5-32.75 0-45.25s32.75-12.5 45.25 0l160 160C451.1 245.9 451.1 266.1 438.6 278.6z\"><\/path><\/svg><\/span><\/a><\/div><\/div>\n<\/div><\/div>\n<\/div>\n<\/div><\/div>\n\n\n\n<div class=\"wp-block-uagb-container uagb-block-214ce0c0 alignfull uagb-is-root-container\"><div class=\"uagb-container-inner-blocks-wrap\">\n<div class=\"wp-block-uagb-info-box uagb-block-1edc22e2 uagb-infobox__content-wrap  uagb-infobox-icon-above-title uagb-infobox-image-valign-top\"><div class=\"uagb-ifb-content\"><div class=\"uagb-ifb-title-wrap\"><span class=\"uagb-ifb-title-prefix\">Our services<\/span><h2 class=\"uagb-ifb-title\">How can we help you?<\/h2><\/div><\/div><\/div>\n\n\n\n<div class=\"wp-block-uagb-container uagb-block-abac9891\">\n<div data-aos= \"zoom-in\" data-aos-duration=\"400\" data-aos-delay=\"0\" data-aos-easing=\"ease\" data-aos-once=\"true\" class=\"wp-block-uagb-container uagb-block-013f7270\">\n<div class=\"wp-block-uagb-info-box uagb-block-45392316 uagb-infobox__content-wrap  uagb-infobox-icon-above-title uagb-infobox-image-valign-top\"><div class=\"uagb-ifb-content\"><div class=\"uagb-ifb-title-wrap\"><h5 class=\"uagb-ifb-title\">Own equipment<\/h5><\/div><p class=\"uagb-ifb-desc\">We are a work team made up of industrial and technical engineers, architects, project draftsmen and management and administration staff.<\/p><\/div><\/div>\n<\/div>\n\n\n\n<div data-aos= \"zoom-in\" data-aos-duration=\"400\" data-aos-delay=\"0\" data-aos-easing=\"ease\" data-aos-once=\"true\" class=\"wp-block-uagb-container uagb-block-9346b5a6\">\n<div class=\"wp-block-uagb-info-box uagb-block-4392bcfe uagb-infobox__content-wrap  uagb-infobox-icon-above-title uagb-infobox-image-valign-top\"><div class=\"uagb-ifb-content\"><div class=\"uagb-ifb-title-wrap\"><h5 class=\"uagb-ifb-title\">Creation of a complete and unique model<\/h5><\/div><p class=\"uagb-ifb-desc\">The creation of a model with these characteristics facilitates and improves the coordination, production and quality of the works, adjusting costs and execution time.<\/p><\/div><\/div>\n<\/div>\n<\/div>\n\n\n\n<div class=\"wp-block-uagb-container uagb-block-fcccc815\">\n<div data-aos= \"zoom-in\" data-aos-duration=\"400\" data-aos-delay=\"0\" data-aos-easing=\"ease\" data-aos-once=\"true\" class=\"wp-block-uagb-container uagb-block-198552f1\">\n<div class=\"wp-block-uagb-info-box uagb-block-14340e59 uagb-infobox__content-wrap  uagb-infobox-icon-above-title uagb-infobox-image-valign-top\"><div class=\"uagb-ifb-content\"><div class=\"uagb-ifb-title-wrap\"><h5 class=\"uagb-ifb-title\"><strong>BIM methodology<\/strong>&nbsp;<\/h5><\/div><p class=\"uagb-ifb-desc\">We use this technology because it allows us to bring the project closer to the promoter-client, by means of a 3D digital model.<\/p><\/div><\/div>\n<\/div>\n\n\n\n<div data-aos= \"zoom-in\" data-aos-duration=\"400\" data-aos-delay=\"0\" data-aos-easing=\"ease\" data-aos-once=\"true\" class=\"wp-block-uagb-container uagb-block-e1c1de41\">\n<div class=\"wp-block-uagb-info-box uagb-block-05bf0a92 uagb-infobox__content-wrap  uagb-infobox-icon-above-title uagb-infobox-image-valign-top\"><div class=\"uagb-ifb-content\"><div class=\"uagb-ifb-title-wrap\"><h5 class=\"uagb-ifb-title\">Direct deal<\/h5><\/div><p class=\"uagb-ifb-desc\">We believe in continuous and direct dealings with all clients, to achieve your needs and goals.<\/p><\/div><\/div>\n<\/div>\n<\/div>\n<\/div><\/div>\n\n\n\n<div class=\"wp-block-uagb-container uagb-block-66afd019 alignfull uagb-is-root-container\"><div class=\"uagb-container-inner-blocks-wrap\">\n<div class=\"wp-block-uagb-advanced-heading uagb-block-3a01d0e4\"><h2 class=\"uagb-heading-text\">Your perfect industrial site<\/h2><\/div>\n\n\n\n<div class=\"wp-block-uagb-container uagb-block-a8be51e0\">\n<div class=\"wp-block-uagb-container uagb-block-bc3da984\">\n<div class=\"wp-block-uagb-advanced-heading uagb-block-22c7f190\"><h4 class=\"uagb-heading-text\">2 Storey Terraced Houses<\/h4><p class=\"uagb-desc-text\">Sitges (Barcelona)<\/p><\/div>\n<a class=\"spectra-container-link-overlay\" rel=\"noopener\" href=\"https:\/\/\/en\/promocio\/naus-adosades-de-2-plantes\/\"> <\/a><\/div>\n\n\n\n<div class=\"wp-block-uagb-container uagb-block-92d5dd64\">\n<div class=\"wp-block-uagb-advanced-heading uagb-block-7d6a257c\"><h4 class=\"uagb-heading-text\">Multilevel Industrial Building<\/h4><p class=\"uagb-desc-text\">Castellol\u00ed (Barcelona)<\/p><\/div>\n<a class=\"spectra-container-link-overlay\" rel=\"noopener\" href=\"https:\/\/\/en\/promocio\/nau-industrial-multinivell\/\"> <\/a><\/div>\n\n\n\n<div class=\"wp-block-uagb-container uagb-block-db4bed01\">\n<div class=\"wp-block-uagb-advanced-heading uagb-block-8100c12e\"><h4 class=\"uagb-heading-text\">Industrial Logistics Ship<\/h4><p class=\"uagb-desc-text\">La Bisbal del Pened\u00e9s (Tarragona)<\/p><\/div>\n<a class=\"spectra-container-link-overlay\" rel=\"noopener\" href=\"https:\/\/\/en\/promocio\/nau-industrial-logistica-uz-1-2-3\/\"> <\/a><\/div>\n<\/div>\n\n\n\n<div class=\"wp-block-buttons is-content-justification-right is-layout-flex wp-container-core-buttons-is-layout-27f651d6 wp-block-buttons-is-layout-flex\">\n<div class=\"wp-block-button is-style-fill\"><a class=\"wp-block-button__link has-ast-global-color-5-color has-text-color has-background has-text-align-center wp-element-button\" href=\"https:\/\/\/en\/propostes-mercat\/\" style=\"background-color:#4a99d1\">OUR ASSETS<\/a><\/div>\n<\/div>\n<\/div><\/div>\n\n\n\n<div class=\"wp-block-uagb-container uagb-block-b4555e54 alignfull uagb-is-root-container\"><div class=\"uagb-container-inner-blocks-wrap\">\n<div class=\"wp-block-uagb-blockquote uagb-block-9495b144 uagb-blockquote__skin-border uagb-blockquote__stack-img-none\"><blockquote class=\"uagb-blockquote\"><div class=\"uagb-blockquote__content\"><em>At ENGIND we believe in continuous and direct treatment as the best way to achieve the needs and objectives of the customers who require our services. <\/em><\/div><footer><div class=\"uagb-blockquote__author-wrap uagb-blockquote__author-at-left\"><cite class=\"uagb-blockquote__author\"><strong><strong>\u2013 <\/strong><\/strong>Delf\u00ed L\u00f3pez LLin\u00e1s<br><em>Founder of Engin<\/em><\/cite><\/div><\/footer><\/blockquote><\/div>\n<\/div><\/div>\n\n\n\n<div class=\"wp-block-uagb-container uagb-block-3e7a80c4 alignfull uagb-is-root-container\"><div class=\"uagb-container-inner-blocks-wrap\">\n<div class=\"wp-block-uagb-container uagb-block-42c4a706\">\n<h2 class=\"wp-block-heading has-ast-global-color-5-color has-text-color\">We can&#039;t wait to make your ideas come true<\/h2>\n\n\n\n<div class=\"wp-block-uagb-advanced-heading uagb-block-9707d496\"><p class=\"uagb-desc-text\">Any query, project or question you have, we are at your complete disposal.<\/p><\/div>\n\n\n\n<p class=\"has-ast-global-color-5-color has-text-color\">Use the following form to request more information about our services, we will be happy to help you.<\/p>\n<\/div>\n\n\n\n<div class=\"wp-block-uagb-container uagb-block-7913fa38\">\n<div class=\"wp-block-uagb-advanced-heading uagb-block-dd117651\"><h4 class=\"uagb-heading-text\">contact us<\/h4><\/div>\n\n\n\n<div class=\"wp-block-contact-form-7-contact-form-selector\">\n<div class=\"wpcf7 no-js\" id=\"wpcf7-f6531-o1\" lang=\"ca\" dir=\"ltr\" data-wpcf7-id=\"6531\">\n<div class=\"screen-reader-response\"><p role=\"status\" aria-live=\"polite\" aria-atomic=\"true\"><\/p> <ul><\/ul><\/div>\n<form action=\"\/en\/wp-json\/wp\/v2\/pages\/5#wpcf7-f6531-o1\" method=\"post\" class=\"wpcf7-form init\" aria-label=\"Contact form\" novalidate=\"novalidate\" data-status=\"init\" data-trp-original-action=\"\/en\/wp-json\/wp\/v2\/pages\/5#wpcf7-f6531-o1\">\n<fieldset class=\"hidden-fields-container\"><input type=\"hidden\" name=\"_wpcf7\" value=\"6531\" \/><input type=\"hidden\" name=\"_wpcf7_version\" value=\"6.1.5\" \/><input type=\"hidden\" name=\"_wpcf7_locale\" value=\"ca\" \/><input type=\"hidden\" name=\"_wpcf7_unit_tag\" value=\"wpcf7-f6531-o1\" \/><input type=\"hidden\" name=\"_wpcf7_container_post\" value=\"0\" \/><input type=\"hidden\" name=\"_wpcf7_posted_data_hash\" value=\"\" \/><input type=\"hidden\" name=\"_wpcf7_recaptcha_response\" value=\"\" \/>\n<\/fieldset>\n<div class=\"row\">\n\t<div class=\"column-half\">\n\t\t<p><label>First name<\/label><br \/>\n<span class=\"wpcf7-form-control-wrap\" data-name=\"your-name\"><input size=\"40\" maxlength=\"400\" class=\"wpcf7-form-control wpcf7-text wpcf7-validates-as-required\" autocomplete=\"name\" aria-required=\"true\" aria-invalid=\"false\" value=\"\" type=\"text\" name=\"your-name\" \/><\/span>\n\t\t<\/p>\n\t<\/div>\n\t<div class=\"column-half\">\n\t\t<p><label>Surnames<\/label><br \/>\n<span class=\"wpcf7-form-control-wrap\" data-name=\"text-nif\"><input size=\"40\" maxlength=\"400\" class=\"wpcf7-form-control wpcf7-text wpcf7-validates-as-required\" aria-required=\"true\" aria-invalid=\"false\" value=\"\" type=\"text\" name=\"text-nif\" \/><\/span>\n\t\t<\/p>\n\t<\/div>\n<\/div>\n<div class=\"row\">\n\t<div class=\"column-half\">\n\t\t<p><label>email<\/label><br \/>\n<span class=\"wpcf7-form-control-wrap\" data-name=\"your-email\"><input size=\"40\" maxlength=\"400\" class=\"wpcf7-form-control wpcf7-email wpcf7-validates-as-required wpcf7-text wpcf7-validates-as-email\" autocomplete=\"email\" aria-required=\"true\" aria-invalid=\"false\" value=\"\" type=\"email\" name=\"your-email\" \/><\/span>\n\t\t<\/p>\n\t<\/div>\n\t<div class=\"column-half\">\n\t\t<p><label>phone<\/label><br \/>\n<span class=\"wpcf7-form-control-wrap\" data-name=\"your-tel\"><input size=\"40\" maxlength=\"400\" class=\"wpcf7-form-control wpcf7-tel wpcf7-validates-as-required wpcf7-text wpcf7-validates-as-tel\" autocomplete=\"tel\" aria-required=\"true\" aria-invalid=\"false\" value=\"\" type=\"tel\" name=\"your-tel\" \/><\/span>\n\t\t<\/p>\n\t<\/div>\n<\/div>\n<p><label>message<\/label><br \/>\n<span class=\"wpcf7-form-control-wrap\" data-name=\"your-missatge\"><textarea cols=\"40\" rows=\"10\" maxlength=\"2000\" class=\"wpcf7-form-control wpcf7-textarea\" aria-invalid=\"false\" name=\"your-missatge\"><\/textarea><\/span>\n<\/p>\n<p><label> <span class=\"wpcf7-form-control-wrap\" data-name=\"RGPD\"><span class=\"wpcf7-form-control wpcf7-checkbox wpcf7-validates-as-required\"><span class=\"wpcf7-list-item first last\"><label><input type=\"checkbox\" name=\"RGPD[]\" value=\"Accepto la Pol\u00edtica de Privadesa\" \/><span class=\"wpcf7-list-item-label\">I accept the Privacy Policy<\/span><\/label><\/span><\/span><\/span><\/label>\n<\/p>\n<p><input class=\"wpcf7-form-control wpcf7-submit has-spinner\" type=\"submit\" value=\"To send\" \/>\n<\/p><div class=\"wpcf7-response-output\" aria-hidden=\"true\"><\/div>\n<input type=\"hidden\" name=\"trp-form-language\" value=\"en\"\/><\/form>\n<\/div>\n<\/div>\n<\/div>\n<\/div><\/div>","protected":false},"excerpt":{"rendered":"<p>La Promotora immobili\u00e0ria industrial del futur Tecnologia i enginy per a solucions a mida. Dissenyant el futur de la ind\u00fastria, avui En un m\u00f3n en evoluci\u00f3 constant, entenem la import\u00e0ncia d&#8217;estar a l&#8217;avantguarda de la ind\u00fastria i anticipar-nos als canvis tecnol\u00f2gics i ambientals. \u00c9s per aix\u00f2 que ens esforcem per crear projectes que integrin les [&hellip;]<\/p>\n","protected":false},"author":1,"featured_media":0,"parent":0,"menu_order":0,"comment_status":"closed","ping_status":"closed","template":"","meta":{"_acf_changed":false,"_uag_custom_page_level_css":"","site-sidebar-layout":"default","site-content-layout":"plain-container","ast-site-content-layout":"normal-width-container","site-content-style":"unboxed","site-sidebar-style":"unboxed","ast-global-header-display":"","ast-banner-title-visibility":"","ast-main-header-display":"","ast-hfb-above-header-display":"","ast-hfb-below-header-display":"","ast-hfb-mobile-header-display":"","site-post-title":"disabled","ast-breadcrumbs-content":"","ast-featured-img":"","footer-sml-layout":"","ast-disable-related-posts":"","theme-transparent-header-meta":"enabled","adv-header-id-meta":"","stick-header-meta":"","header-above-stick-meta":"","header-main-stick-meta":"","header-below-stick-meta":"","astra-migrate-meta-layouts":"set","ast-page-background-enabled":"default","ast-page-background-meta":{"desktop":{"background-color":"var(--ast-global-color-4)","background-image":"","background-repeat":"repeat","background-position":"center center","background-size":"auto","background-attachment":"scroll","background-type":"","background-media":"","overlay-type":"","overlay-color":"","overlay-opacity":"","overlay-gradient":""},"tablet":{"background-color":"","background-image":"","background-repeat":"repeat","background-position":"center center","background-size":"auto","background-attachment":"scroll","background-type":"","background-media":"","overlay-type":"","overlay-color":"","overlay-opacity":"","overlay-gradient":""},"mobile":{"background-color":"","background-image":"","background-repeat":"repeat","background-position":"center center","background-size":"auto","background-attachment":"scroll","background-type":"","background-media":"","overlay-type":"","overlay-color":"","overlay-opacity":"","overlay-gradient":""}},"ast-content-background-meta":{"desktop":{"background-color":"var(--ast-global-color-5)","background-image":"","background-repeat":"repeat","background-position":"center center","background-size":"auto","background-attachment":"scroll","background-type":"","background-media":"","overlay-type":"","overlay-color":"","overlay-opacity":"","overlay-gradient":""},"tablet":{"background-color":"var(--ast-global-color-5)","background-image":"","background-repeat":"repeat","background-position":"center center","background-size":"auto","background-attachment":"scroll","background-type":"","background-media":"","overlay-type":"","overlay-color":"","overlay-opacity":"","overlay-gradient":""},"mobile":{"background-color":"var(--ast-global-color-5)","background-image":"","background-repeat":"repeat","background-position":"center center","background-size":"auto","background-attachment":"scroll","background-type":"","background-media":"","overlay-type":"","overlay-color":"","overlay-opacity":"","overlay-gradient":""}},"footnotes":""},"class_list":["post-5","page","type-page","status-publish","hentry"],"acf":[],"uagb_featured_image_src":{"full":false,"thumbnail":false,"medium":false,"medium_large":false,"large":false,"1536x1536":false,"2048x2048":false,"trp-custom-language-flag":false},"uagb_author_info":{"display_name":"francesc@articagency.com","author_link":"https:\/\/grupengind.com\/en\/author\/francescarticagency-com\/"},"uagb_comment_info":0,"uagb_excerpt":"La Promotora immobili\u00e0ria industrial del futur Tecnologia i enginy per a solucions a mida. Dissenyant el futur de la ind\u00fastria, avui En un m\u00f3n en evoluci\u00f3 constant, entenem la import\u00e0ncia d&#8217;estar a l&#8217;avantguarda de la ind\u00fastria i anticipar-nos als canvis tecnol\u00f2gics i ambientals. \u00c9s per aix\u00f2 que ens esforcem per crear projectes que integrin les&hellip;","_links":{"self":[{"href":"https:\/\/grupengind.com\/en\/wp-json\/wp\/v2\/pages\/5","targetHints":{"allow":["GET"]}}],"collection":[{"href":"https:\/\/grupengind.com\/en\/wp-json\/wp\/v2\/pages"}],"about":[{"href":"https:\/\/grupengind.com\/en\/wp-json\/wp\/v2\/types\/page"}],"author":[{"embeddable":true,"href":"https:\/\/grupengind.com\/en\/wp-json\/wp\/v2\/users\/1"}],"replies":[{"embeddable":true,"href":"https:\/\/grupengind.com\/en\/wp-json\/wp\/v2\/comments?post=5"}],"version-history":[{"count":7,"href":"https:\/\/grupengind.com\/en\/wp-json\/wp\/v2\/pages\/5\/revisions"}],"predecessor-version":[{"id":6921,"href":"https:\/\/grupengind.com\/en\/wp-json\/wp\/v2\/pages\/5\/revisions\/6921"}],"wp:attachment":[{"href":"https:\/\/grupengind.com\/en\/wp-json\/wp\/v2\/media?parent=5"}],"curies":[{"name":"wp","href":"https:\/\/api.w.org\/{rel}","templated":true}]}}