{"id":1534,"date":"2023-06-29T09:21:44","date_gmt":"2023-06-29T07:21:44","guid":{"rendered":"https:\/?page_id=1534"},"modified":"2025-07-14T11:40:07","modified_gmt":"2025-07-14T09:40:07","slug":"grup","status":"publish","type":"page","link":"https:\/\/grupengind.com\/es\/grup\/","title":{"rendered":"El Grupo"},"content":{"rendered":"<div class=\"wp-block-uagb-container uagb-block-7d94d9a4 alignfull uagb-is-root-container\">\n<div class=\"wp-block-uagb-container uagb-block-7b7225c1\">\n<div class=\"wp-block-uagb-advanced-heading uagb-block-9ebdb3f2\"><h1 class=\"uagb-heading-text\">El Grupo<\/h1><\/div>\n<\/div>\n<\/div>\n\n\n\n<div class=\"wp-block-uagb-container uagb-block-5298bdc8 alignfull uagb-is-root-container\"><div class=\"uagb-container-inner-blocks-wrap\">\n<div class=\"wp-block-uagb-container uagb-block-d1383698\">\n<p>Le invitamos a conocer las empresas que forman parte de nuestro grupo. Con una visi\u00f3n integral y un enfoque multidisciplinar, Grup Engind est\u00e1 formado por un conjunto de compa\u00f1\u00edas especializadas en diferentes \u00e1reas de negocios, que trabajan de forma conjunta para ofrecer soluciones completas e innovadoras a nuestros clientes.<\/p>\n\n\n\n<p>Cada empresa miembro de Grup Engind destaca por su excelencia en su campo de actividad espec\u00edfico. Desde el desarrollo inmobiliario industrial hasta tecnolog\u00edas l\u00e1ser de alta precisi\u00f3n, pasando por espacios de trabajo compartidos y promoci\u00f3n de viviendas residenciales, cada empresa aporta su conocimiento y experiencia \u00fanica para satisfacer las necesidades de nuestros clientes.<\/p>\n\n\n\n<h2 class=\"wp-block-heading has-text-align-center\">REAL ESTATE<\/h2>\n\n\n\n<div class=\"wp-block-columns is-layout-flex wp-container-core-columns-is-layout-28f84493 wp-block-columns-is-layout-flex\">\n<div class=\"wp-block-column is-layout-flow wp-block-column-is-layout-flow\">\n<div class=\"wp-block-uagb-container uag-blocks-common-selector uagb-block-46aee559\">\n<div class=\"wp-block-uagb-image uagb-block-20a841f6 wp-block-uagb-image--layout-default wp-block-uagb-image--effect-static wp-block-uagb-image--align-none\"><figure class=\"wp-block-uagb-image__figure\"><img loading=\"lazy\" decoding=\"async\" srcset=\"https:\/\/grupengind.com\/wp-content\/uploads\/2023\/06\/1-1.png ,https:\/\/grupengind.com\/wp-content\/uploads\/2023\/06\/1-1.png 780w, https:\/\/grupengind.com\/wp-content\/uploads\/2023\/06\/1-1.png 360w\" sizes=\"auto, (max-width: 480px) 150px\" src=\"https:\/\/grupengind.com\/wp-content\/uploads\/2023\/06\/1-1.png\" alt=\"\" class=\"uag-image-1584\" width=\"758\" height=\"1034\" title=\"1\" role=\"img\"\/><\/figure><\/div>\n\n\n\n<div class=\"wp-block-uagb-advanced-heading uagb-block-98fcffd6\"><h5 class=\"uagb-heading-text\"><a href=\"https:\/\/engind.es\/ca\/\" target=\"_blank\" rel=\"noreferrer noopener\">Engind<\/a><\/h5><div class=\"uagb-separator\"><\/div><\/div>\n\n\n\n<div class=\"wp-block-uagb-advanced-heading uagb-block-734f31ab\"><p class=\"uagb-heading-text\">Engind es una empresa especializada en el desarrollo y la promoci\u00f3n de inmuebles industriales. Se dedican a la concepci\u00f3n, construcci\u00f3n y comercializaci\u00f3n de espacios industriales de \u00faltima generaci\u00f3n, con un fuerte compromiso en la sostenibilidad y eficiencia energ\u00e9tica. Soluciones inmobiliarias innovadoras y adaptadas al mundo industrial.<\/p><\/div>\n<\/div>\n<\/div>\n\n\n\n<div class=\"wp-block-column is-layout-flow wp-block-column-is-layout-flow\">\n<div class=\"wp-block-uagb-container uag-blocks-common-selector uagb-block-cae89b5b\">\n<div class=\"wp-block-uagb-image uagb-block-fe42d378 wp-block-uagb-image--layout-default wp-block-uagb-image--effect-static wp-block-uagb-image--align-none\"><figure class=\"wp-block-uagb-image__figure\"><img loading=\"lazy\" decoding=\"async\" srcset=\"https:\/\/grupengind.com\/wp-content\/uploads\/2023\/07\/Joan-grimau.png ,https:\/\/grupengind.com\/wp-content\/uploads\/2023\/07\/Joan-grimau.png 780w, https:\/\/grupengind.com\/wp-content\/uploads\/2023\/07\/Joan-grimau.png 360w\" sizes=\"auto, (max-width: 480px) 150px\" src=\"https:\/\/grupengind.com\/wp-content\/uploads\/2023\/07\/Joan-grimau.png\" alt=\"\" class=\"uag-image-6475\" width=\"758\" height=\"1034\" title=\"Juan Grimau\" role=\"img\"\/><\/figure><\/div>\n\n\n\n<div class=\"wp-block-uagb-advanced-heading uagb-block-76ad09c0\"><h5 class=\"uagb-heading-text\"><a href=\"https:\/\/www.grimauconstruccions.com\/\" target=\"_blank\" rel=\"noreferrer noopener\">Grimau Construcciones<\/a><\/h5><div class=\"uagb-separator\"><\/div><\/div>\n\n\n\n<div class=\"wp-block-uagb-advanced-heading uagb-block-75ab93a1\"><p class=\"uagb-heading-text\">Joan Grimau Construccions SL es una empresa con 35 a\u00f1os de experiencia en el mundo de la construcci\u00f3n, ubicada en Sant Mart\u00ed Sarroca, en el Alt Pened\u00e8s. Se dedica a ofrecer a sus clientes todos los servicios relacionados con el sector de la construcci\u00f3n. Se ha especializado en la construcci\u00f3n de casas unifamiliares y chal\u00e9s, construidas por encargo directo de los clientes.<\/p><\/div>\n<\/div>\n<\/div>\n\n\n\n<div class=\"wp-block-column is-layout-flow wp-block-column-is-layout-flow\">\n<div class=\"wp-block-uagb-container uag-blocks-common-selector uagb-block-713b09d6\">\n<div class=\"wp-block-uagb-image uagb-block-69695bf2 wp-block-uagb-image--layout-default wp-block-uagb-image--effect-static wp-block-uagb-image--align-none\"><figure class=\"wp-block-uagb-image__figure\"><img loading=\"lazy\" decoding=\"async\" srcset=\"https:\/\/grupengind.com\/wp-content\/uploads\/2023\/06\/4-1.png ,https:\/\/grupengind.com\/wp-content\/uploads\/2023\/06\/4-1.png 780w, https:\/\/grupengind.com\/wp-content\/uploads\/2023\/06\/4-1.png 360w\" sizes=\"auto, (max-width: 480px) 150px\" src=\"https:\/\/grupengind.com\/wp-content\/uploads\/2023\/06\/4-1.png\" alt=\"\" class=\"uag-image-1591\" width=\"758\" height=\"1034\" title=\"4\" role=\"img\"\/><\/figure><\/div>\n\n\n\n<div class=\"wp-block-uagb-advanced-heading uagb-block-8a58406b\"><h5 class=\"uagb-heading-text\"><a href=\"https:\/\/www.vilafrancaresidencialressort.com\/\" target=\"_blank\" rel=\"noreferrer noopener\">Vilafranca Residencial Ressort<\/a><\/h5><div class=\"uagb-separator\"><\/div><\/div>\n\n\n\n<div class=\"wp-block-uagb-advanced-heading uagb-block-d24b452f\"><p class=\"uagb-heading-text\">Vilafranca Residencial Ressort es una empresa especializada en el desarrollo y promoci\u00f3n de viviendas residenciales de calidad. Se dedican a la construcci\u00f3n de comunidades residenciales modernas y funcionales, ofreciendo una amplia gama de opciones de viviendas, desde apartamentos hasta casas unifamiliares.<\/p><\/div>\n<\/div>\n<\/div>\n<\/div>\n\n\n\n<div class=\"wp-block-uagb-container uagb-block-82bb8eaa\">\n<div class=\"wp-block-columns is-layout-flex wp-container-core-columns-is-layout-28f84493 wp-block-columns-is-layout-flex\">\n<div class=\"wp-block-column is-layout-flow wp-block-column-is-layout-flow\">\n<div class=\"wp-block-uagb-container uag-blocks-common-selector uagb-block-ebd25ff8\">\n<div class=\"wp-block-uagb-image uagb-block-06d7f683 wp-block-uagb-image--layout-default wp-block-uagb-image--effect-static wp-block-uagb-image--align-none\"><figure class=\"wp-block-uagb-image__figure\"><img loading=\"lazy\" decoding=\"async\" srcset=\"https:\/\/grupengind.com\/wp-content\/uploads\/2023\/06\/3-1.png ,https:\/\/grupengind.com\/wp-content\/uploads\/2023\/06\/3-1.png 780w, https:\/\/grupengind.com\/wp-content\/uploads\/2023\/06\/3-1.png 360w\" sizes=\"auto, (max-width: 480px) 150px\" src=\"https:\/\/grupengind.com\/wp-content\/uploads\/2023\/06\/3-1.png\" alt=\"\" class=\"uag-image-1586\" width=\"390\" height=\"500\" title=\"\" role=\"presentation\"\/><\/figure><\/div>\n\n\n\n<div class=\"wp-block-uagb-advanced-heading uagb-block-0e08e853\"><h5 class=\"uagb-heading-text\"><a href=\"https:\/\/penedescoworking.com\/ca\/\" target=\"_blank\" rel=\"noreferrer noopener\">Pened\u00e8s Coworking<\/a><\/h5><div class=\"uagb-separator\"><\/div><\/div>\n\n\n\n<div class=\"wp-block-uagb-advanced-heading uagb-block-a39a3664\"><p class=\"uagb-heading-text\">Pened\u00e8s Coworking es una empresa que ofrece espacios de trabajo compartidos y servicios para profesionales y empresas. Se dedican a proporcionar entornos de trabajo flexibles e inspiradores, con oficinas equipadas y servicios adicionales como salas de reuniones, servicios de recepci\u00f3n y conexi\u00f3n a Internet de alta velocidad.<\/p><\/div>\n<\/div>\n<\/div>\n\n\n\n<div class=\"wp-block-column is-layout-flow wp-block-column-is-layout-flow\">\n<div class=\"wp-block-uagb-container uag-blocks-common-selector uagb-block-7cb9ccaa\">\n<div class=\"wp-block-uagb-image uagb-block-59b00463 wp-block-uagb-image--layout-default wp-block-uagb-image--effect-static wp-block-uagb-image--align-none\"><figure class=\"wp-block-uagb-image__figure\"><img loading=\"lazy\" decoding=\"async\" srcset=\"https:\/\/grupengind.com\/wp-content\/uploads\/2023\/07\/onilsa.png ,https:\/\/grupengind.com\/wp-content\/uploads\/2023\/07\/onilsa.png 780w, https:\/\/grupengind.com\/wp-content\/uploads\/2023\/07\/onilsa.png 360w\" sizes=\"auto, (max-width: 480px) 150px\" src=\"https:\/\/grupengind.com\/wp-content\/uploads\/2023\/07\/onilsa.png\" alt=\"\" class=\"uag-image-6484\" width=\"390\" height=\"500\" title=\"onilsa\" role=\"img\"\/><\/figure><\/div>\n\n\n\n<div class=\"wp-block-uagb-advanced-heading uagb-block-b7985968\"><h5 class=\"uagb-heading-text\"><a href=\"https:\/\/www.onilsa.com\/ca\/\" target=\"_blank\" rel=\"noreferrer noopener\">Onilsa<\/a><\/h5><div class=\"uagb-separator\"><\/div><\/div>\n\n\n\n<div class=\"wp-block-uagb-advanced-heading uagb-block-c5cb4798\"><p class=\"uagb-heading-text\">Onilsa es una empresa l\u00edder en servicios de ingenier\u00eda y consultor\u00eda con una experiencia de m\u00e1s de 40 a\u00f1os. Especializados en soluciones para industrias, ofrecen asesoramiento t\u00e9cnico, dise\u00f1o y ejecuci\u00f3n de proyectos con visi\u00f3n innovadora y sostenible.<\/p><\/div>\n<\/div>\n<\/div>\n\n\n\n<div class=\"wp-block-column is-layout-flow wp-block-column-is-layout-flow\">\n<div class=\"wp-block-uagb-container uag-blocks-common-selector uagb-block-75bc76a6\">\n<div class=\"wp-block-uagb-image uagb-block-e32d7bf7 wp-block-uagb-image--layout-default wp-block-uagb-image--effect-static wp-block-uagb-image--align-none\"><figure class=\"wp-block-uagb-image__figure\"><img loading=\"lazy\" decoding=\"async\" srcset=\"https:\/\/grupengind.com\/wp-content\/uploads\/2023\/07\/ordino.png ,https:\/\/grupengind.com\/wp-content\/uploads\/2023\/07\/ordino.png 780w, https:\/\/grupengind.com\/wp-content\/uploads\/2023\/07\/ordino.png 360w\" sizes=\"auto, (max-width: 480px) 150px\" src=\"https:\/\/grupengind.com\/wp-content\/uploads\/2023\/07\/ordino.png\" alt=\"\" class=\"uag-image-6481\" width=\"390\" height=\"500\" title=\"ordino\" role=\"img\"\/><\/figure><\/div>\n\n\n\n<div class=\"wp-block-uagb-advanced-heading uagb-block-96fb8484\"><h5 class=\"uagb-heading-text\"><a href=\"https:\/\/ordinoresidentialmountainresort.com\/\" target=\"_blank\" rel=\"noreferrer noopener\">Ordino Residential Mountain Resort<\/a><\/h5><div class=\"uagb-separator\"><\/div><\/div>\n\n\n\n<div class=\"wp-block-uagb-advanced-heading uagb-block-67b583a0\"><p class=\"uagb-heading-text\">Ordino Residential Mountain Resort es un exclusivo complejo residencial situado en Andorra, rodeado de monta\u00f1as. Con instalaciones de primera clase, ofrece una experiencia \u00fanica para vivir o disfrutar de sus vacaciones en un entorno privilegiado.<\/p><\/div>\n<\/div>\n<\/div>\n<\/div>\n<\/div>\n<\/div>\n<\/div><\/div>\n\n\n\n<div class=\"wp-block-uagb-container uagb-block-3e7a80c4 alignfull uagb-is-root-container\"><div class=\"uagb-container-inner-blocks-wrap\">\n<div class=\"wp-block-uagb-container uagb-block-42c4a706\">\n<h2 class=\"wp-block-heading has-ast-global-color-5-color has-text-color\">No podemos esperar a realizar tus ideas realidad<\/h2>\n\n\n\n<div class=\"wp-block-uagb-advanced-heading uagb-block-9707d496\"><p class=\"uagb-desc-text\">Cualquier consulta, proyecto o pregunta que tenga estamos a su completa disposici\u00f3n.<\/p><\/div>\n\n\n\n<p class=\"has-ast-global-color-5-color has-text-color\">Utiliza el siguiente formulario para solicitarnos m\u00e1s informaci\u00f3n sobre nuestros servicios, estaremos encantados de poder ayudarte.<\/p>\n<\/div>\n\n\n\n<div class=\"wp-block-uagb-container uagb-block-7913fa38\">\n<div class=\"wp-block-uagb-advanced-heading uagb-block-dd117651\"><h4 class=\"uagb-heading-text\">Cont\u00e1ctanos<\/h4><\/div>\n\n\n\n<div class=\"wp-block-contact-form-7-contact-form-selector\">\n<div class=\"wpcf7 no-js\" id=\"wpcf7-f6531-o1\" lang=\"ca\" dir=\"ltr\" data-wpcf7-id=\"6531\">\n<div class=\"screen-reader-response\"><p role=\"status\" aria-live=\"polite\" aria-atomic=\"true\"><\/p> <ul><\/ul><\/div>\n<form action=\"\/es\/wp-json\/wp\/v2\/pages\/1534#wpcf7-f6531-o1\" method=\"post\" class=\"wpcf7-form init\" aria-label=\"Formulario de contacto\" novalidate=\"novalidate\" data-status=\"init\" data-trp-original-action=\"\/es\/wp-json\/wp\/v2\/pages\/1534#wpcf7-f6531-o1\">\n<fieldset class=\"hidden-fields-container\"><input type=\"hidden\" name=\"_wpcf7\" value=\"6531\" \/><input type=\"hidden\" name=\"_wpcf7_version\" value=\"6.1.5\" \/><input type=\"hidden\" name=\"_wpcf7_locale\" value=\"ca\" \/><input type=\"hidden\" name=\"_wpcf7_unit_tag\" value=\"wpcf7-f6531-o1\" \/><input type=\"hidden\" name=\"_wpcf7_container_post\" value=\"0\" \/><input type=\"hidden\" name=\"_wpcf7_posted_data_hash\" value=\"\" \/><input type=\"hidden\" name=\"_wpcf7_recaptcha_response\" value=\"\" \/>\n<\/fieldset>\n<div class=\"row\">\n\t<div class=\"column-half\">\n\t\t<p><label>Nombre<\/label><br \/>\n<span class=\"wpcf7-form-control-wrap\" data-name=\"your-name\"><input size=\"40\" maxlength=\"400\" class=\"wpcf7-form-control wpcf7-text wpcf7-validates-as-required\" autocomplete=\"name\" aria-required=\"true\" aria-invalid=\"false\" value=\"\" type=\"text\" name=\"your-name\" \/><\/span>\n\t\t<\/p>\n\t<\/div>\n\t<div class=\"column-half\">\n\t\t<p><label>Apellidos<\/label><br \/>\n<span class=\"wpcf7-form-control-wrap\" data-name=\"text-nif\"><input size=\"40\" maxlength=\"400\" class=\"wpcf7-form-control wpcf7-text wpcf7-validates-as-required\" aria-required=\"true\" aria-invalid=\"false\" value=\"\" type=\"text\" name=\"text-nif\" \/><\/span>\n\t\t<\/p>\n\t<\/div>\n<\/div>\n<div class=\"row\">\n\t<div class=\"column-half\">\n\t\t<p><label>Email<\/label><br \/>\n<span class=\"wpcf7-form-control-wrap\" data-name=\"your-email\"><input size=\"40\" maxlength=\"400\" class=\"wpcf7-form-control wpcf7-email wpcf7-validates-as-required wpcf7-text wpcf7-validates-as-email\" autocomplete=\"email\" aria-required=\"true\" aria-invalid=\"false\" value=\"\" type=\"email\" name=\"your-email\" \/><\/span>\n\t\t<\/p>\n\t<\/div>\n\t<div class=\"column-half\">\n\t\t<p><label>Tel\u00e9fono<\/label><br \/>\n<span class=\"wpcf7-form-control-wrap\" data-name=\"your-tel\"><input size=\"40\" maxlength=\"400\" class=\"wpcf7-form-control wpcf7-tel wpcf7-validates-as-required wpcf7-text wpcf7-validates-as-tel\" autocomplete=\"tel\" aria-required=\"true\" aria-invalid=\"false\" value=\"\" type=\"tel\" name=\"your-tel\" \/><\/span>\n\t\t<\/p>\n\t<\/div>\n<\/div>\n<p><label>Mensaje<\/label><br \/>\n<span class=\"wpcf7-form-control-wrap\" data-name=\"your-missatge\"><textarea cols=\"40\" rows=\"10\" maxlength=\"2000\" class=\"wpcf7-form-control wpcf7-textarea\" aria-invalid=\"false\" name=\"your-missatge\"><\/textarea><\/span>\n<\/p>\n<p><label> <span class=\"wpcf7-form-control-wrap\" data-name=\"RGPD\"><span class=\"wpcf7-form-control wpcf7-checkbox wpcf7-validates-as-required\"><span class=\"wpcf7-list-item first last\"><label><input type=\"checkbox\" name=\"RGPD[]\" value=\"Accepto la Pol\u00edtica de Privadesa\" \/><span class=\"wpcf7-list-item-label\">Acepto la Pol\u00edtica de Privacidad<\/span><\/label><\/span><\/span><\/span><\/label>\n<\/p>\n<p><input class=\"wpcf7-form-control wpcf7-submit has-spinner\" type=\"submit\" value=\"Enviar\" \/>\n<\/p><div class=\"wpcf7-response-output\" aria-hidden=\"true\"><\/div>\n<input type=\"hidden\" name=\"trp-form-language\" value=\"es\"\/><\/form>\n<\/div>\n<\/div>\n<\/div>\n<\/div><\/div>","protected":false},"excerpt":{"rendered":"<p>El Grup Us convidem a con\u00e8ixer les empreses que formen part del nostre grup. Amb una visi\u00f3 integral i un enfocament multidisciplinari, Grup Engind est\u00e0 format per un conjunt de companyies especialitzades en diferents \u00e0rees de negocis, que treballen de manera conjunta per oferir solucions completes i innovadores als nostres clients. Cada empresa membre de [&hellip;]<\/p>\n","protected":false},"author":1,"featured_media":0,"parent":0,"menu_order":0,"comment_status":"closed","ping_status":"closed","template":"","meta":{"_acf_changed":false,"_uag_custom_page_level_css":"","site-sidebar-layout":"default","site-content-layout":"","ast-site-content-layout":"default","site-content-style":"default","site-sidebar-style":"default","ast-global-header-display":"","ast-banner-title-visibility":"","ast-main-header-display":"","ast-hfb-above-header-display":"","ast-hfb-below-header-display":"","ast-hfb-mobile-header-display":"","site-post-title":"disabled","ast-breadcrumbs-content":"","ast-featured-img":"","footer-sml-layout":"","ast-disable-related-posts":"","theme-transparent-header-meta":"enabled","adv-header-id-meta":"","stick-header-meta":"","header-above-stick-meta":"","header-main-stick-meta":"","header-below-stick-meta":"","astra-migrate-meta-layouts":"set","ast-page-background-enabled":"default","ast-page-background-meta":{"desktop":{"background-color":"var(--ast-global-color-4)","background-image":"","background-repeat":"repeat","background-position":"center center","background-size":"auto","background-attachment":"scroll","background-type":"","background-media":"","overlay-type":"","overlay-color":"","overlay-opacity":"","overlay-gradient":""},"tablet":{"background-color":"","background-image":"","background-repeat":"repeat","background-position":"center center","background-size":"auto","background-attachment":"scroll","background-type":"","background-media":"","overlay-type":"","overlay-color":"","overlay-opacity":"","overlay-gradient":""},"mobile":{"background-color":"","background-image":"","background-repeat":"repeat","background-position":"center center","background-size":"auto","background-attachment":"scroll","background-type":"","background-media":"","overlay-type":"","overlay-color":"","overlay-opacity":"","overlay-gradient":""}},"ast-content-background-meta":{"desktop":{"background-color":"var(--ast-global-color-5)","background-image":"","background-repeat":"repeat","background-position":"center center","background-size":"auto","background-attachment":"scroll","background-type":"","background-media":"","overlay-type":"","overlay-color":"","overlay-opacity":"","overlay-gradient":""},"tablet":{"background-color":"var(--ast-global-color-5)","background-image":"","background-repeat":"repeat","background-position":"center center","background-size":"auto","background-attachment":"scroll","background-type":"","background-media":"","overlay-type":"","overlay-color":"","overlay-opacity":"","overlay-gradient":""},"mobile":{"background-color":"var(--ast-global-color-5)","background-image":"","background-repeat":"repeat","background-position":"center center","background-size":"auto","background-attachment":"scroll","background-type":"","background-media":"","overlay-type":"","overlay-color":"","overlay-opacity":"","overlay-gradient":""}},"footnotes":""},"class_list":["post-1534","page","type-page","status-publish","hentry"],"acf":[],"uagb_featured_image_src":{"full":false,"thumbnail":false,"medium":false,"medium_large":false,"large":false,"1536x1536":false,"2048x2048":false,"trp-custom-language-flag":false},"uagb_author_info":{"display_name":"francesc@articagency.com","author_link":"https:\/\/grupengind.com\/es\/author\/francescarticagency-com\/"},"uagb_comment_info":0,"uagb_excerpt":"El Grup Us convidem a con\u00e8ixer les empreses que formen part del nostre grup. Amb una visi\u00f3 integral i un enfocament multidisciplinari, Grup Engind est\u00e0 format per un conjunt de companyies especialitzades en diferents \u00e0rees de negocis, que treballen de manera conjunta per oferir solucions completes i innovadores als nostres clients. Cada empresa membre de&hellip;","_links":{"self":[{"href":"https:\/\/grupengind.com\/es\/wp-json\/wp\/v2\/pages\/1534","targetHints":{"allow":["GET"]}}],"collection":[{"href":"https:\/\/grupengind.com\/es\/wp-json\/wp\/v2\/pages"}],"about":[{"href":"https:\/\/grupengind.com\/es\/wp-json\/wp\/v2\/types\/page"}],"author":[{"embeddable":true,"href":"https:\/\/grupengind.com\/es\/wp-json\/wp\/v2\/users\/1"}],"replies":[{"embeddable":true,"href":"https:\/\/grupengind.com\/es\/wp-json\/wp\/v2\/comments?post=1534"}],"version-history":[{"count":10,"href":"https:\/\/grupengind.com\/es\/wp-json\/wp\/v2\/pages\/1534\/revisions"}],"predecessor-version":[{"id":6905,"href":"https:\/\/grupengind.com\/es\/wp-json\/wp\/v2\/pages\/1534\/revisions\/6905"}],"wp:attachment":[{"href":"https:\/\/grupengind.com\/es\/wp-json\/wp\/v2\/media?parent=1534"}],"curies":[{"name":"wp","href":"https:\/\/api.w.org\/{rel}","templated":true}]}}