{"id":370,"date":"2022-10-13T08:04:19","date_gmt":"2022-10-13T06:04:19","guid":{"rendered":"https:\/about-us\/"},"modified":"2025-04-07T12:47:40","modified_gmt":"2025-04-07T10:47:40","slug":"nosaltres","status":"publish","type":"page","link":"https:\/\/grupengind.com\/es\/nosaltres\/","title":{"rendered":"Nosotros"},"content":{"rendered":"<div class=\"wp-block-uagb-container uagb-block-b4efb49f alignfull uagb-is-root-container\">\n<div class=\"wp-block-uagb-container uagb-block-4733cf41\">\n<div class=\"wp-block-uagb-advanced-heading uagb-block-6875bbc7\"><h1 class=\"uagb-heading-text\">Empresa<\/h1><\/div>\n<\/div>\n<\/div>\n\n\n\n<div class=\"wp-block-uagb-container uagb-block-91f393bc alignfull uagb-is-root-container\"><div class=\"uagb-container-inner-blocks-wrap\">\n<div class=\"wp-block-uagb-info-box uagb-block-d49f5a09 uagb-infobox__content-wrap  uagb-infobox-icon-above-title uagb-infobox-image-valign-top\"><div class=\"uagb-ifb-content\"><div class=\"uagb-ifb-title-wrap\"><span class=\"uagb-ifb-title-prefix\">Nuestra historia<\/span><h2 class=\"uagb-ifb-title\">\u00bfQuieres saber m\u00e1s sobre Grup Engind?<\/h2><\/div><div class=\"uagb-ifb-separator\"><\/div><\/div><\/div>\n\n\n\n<div class=\"wp-block-uagb-container uagb-block-e02014f2\">\n<div class=\"wp-block-uagb-container uagb-block-3d97417f\">\n<p>Somos una empresa formada por un equipo de profesionales altamente cualificados, con una larga experiencia y tradici\u00f3n de&nbsp;<strong>m\u00e1s de 35 a\u00f1os<\/strong>&nbsp;dedicados a los servicios de la ingenier\u00eda industrial.<\/p>\n\n\n\n<p><strong>ENGIND<\/strong>&nbsp;es un grupo empresarial dedicado a la inmobiliaria industrial con su sede central en Vilafranca del Pened\u00e8s, constituida&nbsp;<strong>en 1991<\/strong>&nbsp;por su socio fundador el&nbsp;<strong>Sr. Delf\u00edn L\u00f3pez<\/strong>, Ingeniero T\u00e9cnico Industrial, que viene desarrollando su profesi\u00f3n desde 1981.<\/p>\n\n\n\n<p>El despacho de Ingenier\u00eda est\u00e1 compuesto por un equipo propio de 15 profesionales, entre ellos ingenieros industriales, ingenieros t\u00e9cnicos, arquitectos t\u00e9cnicos, delineantes proyectistas y personal de gesti\u00f3n y administraci\u00f3n, y otros colaboradores externos en diversas disciplinas y socios de distintos sectores empresariales .<\/p>\n<\/div>\n\n\n\n<div class=\"wp-block-uagb-container uagb-block-473fb388\">\n<p>En GrupEngind desarrollamos los proyectos con&nbsp;<strong>metodolog\u00eda BIM<\/strong>&nbsp;(Building Information Modeling), acercando el proyecto al promotor-cliente, por medio de un modelo digital en<strong>&nbsp;3D.<\/strong><\/p>\n\n\n\n<p>Esta herramienta tecnol\u00f3gica (BIM) permite dise\u00f1ar, proyectar, gestionar y construir integrando la informaci\u00f3n en un modelo completo y \u00fanico que facilita y mejora la coordinaci\u00f3n, producci\u00f3n y calidad de las obras, en fase de proyecto, construcci\u00f3n y explotaci\u00f3n, ajustando costes y tiempo de ejecuci\u00f3n y mantenimiento.<\/p>\n\n\n\n<p>En&nbsp;<strong>ENGIND<\/strong>&nbsp;creemos con el trato continuado y directo con los clientes, como el mejor camino para llevar a buen puerto las necesidades y objetivos de los clientes que requieren de nuestros servicios.<\/p>\n<\/div>\n<\/div>\n<\/div><\/div>\n\n\n\n<div class=\"wp-block-uagb-container uagb-block-f2ba241b alignfull uagb-is-root-container\">\n<div class=\"wp-block-uagb-image uagb-block-fd63b6a7 wp-block-uagb-image--layout-default wp-block-uagb-image--effect-static wp-block-uagb-image--align-none\"><figure class=\"wp-block-uagb-image__figure\"><img loading=\"lazy\" decoding=\"async\" srcset=\"https:\/\/grupengind.com\/wp-content\/uploads\/2023\/06\/Engind_OficinasExterior3b-1.jpg ,https:\/\/grupengind.com\/wp-content\/uploads\/2023\/06\/Engind_OficinasExterior3b-1.jpg 780w, https:\/\/grupengind.com\/wp-content\/uploads\/2023\/06\/Engind_OficinasExterior3b-1.jpg 360w\" sizes=\"auto, (max-width: 480px) 150px\" src=\"https:\/\/grupengind.com\/wp-content\/uploads\/2023\/06\/Engind_OficinasExterior3b-1.jpg\" alt=\"\" class=\"uag-image-518\" width=\"1920\" height=\"640\" title=\"Engind_OficinasExterior3b\" role=\"img\"\/><\/figure><\/div>\n<\/div>","protected":false},"excerpt":{"rendered":"<p>Empresa Som una empresa formada per un equip de professionals altament qualificats, amb una llarga experi\u00e8ncia i tradici\u00f3 de&nbsp;m\u00e9s de 35 anys&nbsp;dedicats als serveis de l\u2019enginyeria industrial. ENGIND&nbsp;\u00e9s un grup empresarial dedicat la inmobili\u00e0ria industrial amb la seva seu central a Vilafranca del Pened\u00e8s, constitu\u00efda&nbsp;l\u2019any 1991&nbsp;pel seu soci fundador el&nbsp;Sr Delf\u00edn L\u00f3pez, Enginyer T\u00e8cnic Industrial, [&hellip;]<\/p>\n","protected":false},"author":1,"featured_media":0,"parent":0,"menu_order":0,"comment_status":"closed","ping_status":"closed","template":"","meta":{"_acf_changed":false,"_uag_custom_page_level_css":"","site-sidebar-layout":"default","site-content-layout":"","ast-site-content-layout":"default","site-content-style":"default","site-sidebar-style":"default","ast-global-header-display":"","ast-banner-title-visibility":"","ast-main-header-display":"","ast-hfb-above-header-display":"","ast-hfb-below-header-display":"","ast-hfb-mobile-header-display":"","site-post-title":"disabled","ast-breadcrumbs-content":"","ast-featured-img":"","footer-sml-layout":"","ast-disable-related-posts":"","theme-transparent-header-meta":"enabled","adv-header-id-meta":"","stick-header-meta":"","header-above-stick-meta":"","header-main-stick-meta":"","header-below-stick-meta":"","astra-migrate-meta-layouts":"set","ast-page-background-enabled":"default","ast-page-background-meta":{"desktop":{"background-color":"var(--ast-global-color-4)","background-image":"","background-repeat":"repeat","background-position":"center center","background-size":"auto","background-attachment":"scroll","background-type":"","background-media":"","overlay-type":"","overlay-color":"","overlay-opacity":"","overlay-gradient":""},"tablet":{"background-color":"","background-image":"","background-repeat":"repeat","background-position":"center center","background-size":"auto","background-attachment":"scroll","background-type":"","background-media":"","overlay-type":"","overlay-color":"","overlay-opacity":"","overlay-gradient":""},"mobile":{"background-color":"","background-image":"","background-repeat":"repeat","background-position":"center center","background-size":"auto","background-attachment":"scroll","background-type":"","background-media":"","overlay-type":"","overlay-color":"","overlay-opacity":"","overlay-gradient":""}},"ast-content-background-meta":{"desktop":{"background-color":"var(--ast-global-color-5)","background-image":"","background-repeat":"repeat","background-position":"center center","background-size":"auto","background-attachment":"scroll","background-type":"","background-media":"","overlay-type":"","overlay-color":"","overlay-opacity":"","overlay-gradient":""},"tablet":{"background-color":"var(--ast-global-color-5)","background-image":"","background-repeat":"repeat","background-position":"center center","background-size":"auto","background-attachment":"scroll","background-type":"","background-media":"","overlay-type":"","overlay-color":"","overlay-opacity":"","overlay-gradient":""},"mobile":{"background-color":"var(--ast-global-color-5)","background-image":"","background-repeat":"repeat","background-position":"center center","background-size":"auto","background-attachment":"scroll","background-type":"","background-media":"","overlay-type":"","overlay-color":"","overlay-opacity":"","overlay-gradient":""}},"footnotes":""},"class_list":["post-370","page","type-page","status-publish","hentry"],"acf":[],"uagb_featured_image_src":{"full":false,"thumbnail":false,"medium":false,"medium_large":false,"large":false,"1536x1536":false,"2048x2048":false,"trp-custom-language-flag":false},"uagb_author_info":{"display_name":"francesc@articagency.com","author_link":"https:\/\/grupengind.com\/es\/author\/francescarticagency-com\/"},"uagb_comment_info":0,"uagb_excerpt":"Empresa Som una empresa formada per un equip de professionals altament qualificats, amb una llarga experi\u00e8ncia i tradici\u00f3 de&nbsp;m\u00e9s de 35 anys&nbsp;dedicats als serveis de l\u2019enginyeria industrial. ENGIND&nbsp;\u00e9s un grup empresarial dedicat la inmobili\u00e0ria industrial amb la seva seu central a Vilafranca del Pened\u00e8s, constitu\u00efda&nbsp;l\u2019any 1991&nbsp;pel seu soci fundador el&nbsp;Sr Delf\u00edn L\u00f3pez, Enginyer T\u00e8cnic Industrial,&hellip;","_links":{"self":[{"href":"https:\/\/grupengind.com\/es\/wp-json\/wp\/v2\/pages\/370","targetHints":{"allow":["GET"]}}],"collection":[{"href":"https:\/\/grupengind.com\/es\/wp-json\/wp\/v2\/pages"}],"about":[{"href":"https:\/\/grupengind.com\/es\/wp-json\/wp\/v2\/types\/page"}],"author":[{"embeddable":true,"href":"https:\/\/grupengind.com\/es\/wp-json\/wp\/v2\/users\/1"}],"replies":[{"embeddable":true,"href":"https:\/\/grupengind.com\/es\/wp-json\/wp\/v2\/comments?post=370"}],"version-history":[{"count":5,"href":"https:\/\/grupengind.com\/es\/wp-json\/wp\/v2\/pages\/370\/revisions"}],"predecessor-version":[{"id":6835,"href":"https:\/\/grupengind.com\/es\/wp-json\/wp\/v2\/pages\/370\/revisions\/6835"}],"wp:attachment":[{"href":"https:\/\/grupengind.com\/es\/wp-json\/wp\/v2\/media?parent=370"}],"curies":[{"name":"wp","href":"https:\/\/api.w.org\/{rel}","templated":true}]}}