{"id":391,"date":"2023-06-06T14:41:45","date_gmt":"2023-06-06T12:41:45","guid":{"rendered":"https:\/?page_id=391"},"modified":"2023-06-28T10:21:34","modified_gmt":"2023-06-28T08:21:34","slug":"avis-legal","status":"publish","type":"page","link":"https:\/\/grupengind.com\/es\/avis-legal\/","title":{"rendered":"Aviso Legal"},"content":{"rendered":"<div data-elementor-type=\"wp-page\" data-elementor-id=\"391\" class=\"elementor elementor-391\" data-elementor-post-type=\"page\">\n\t\t\t\t\t\t<section class=\"elementor-section elementor-top-section elementor-element elementor-element-634f32d6 elementor-section-boxed elementor-section-height-default elementor-section-height-default\" data-id=\"634f32d6\" data-element_type=\"section\" data-e-type=\"section\">\n\t\t\t\t\t\t<div class=\"elementor-container elementor-column-gap-default\">\n\t\t\t\t\t<div class=\"elementor-column elementor-col-100 elementor-top-column elementor-element elementor-element-6f21599\" data-id=\"6f21599\" data-element_type=\"column\" data-e-type=\"column\">\n\t\t\t<div class=\"elementor-widget-wrap elementor-element-populated\">\n\t\t\t\t\t\t<div class=\"elementor-element elementor-element-52219cc elementor-widget elementor-widget-text-editor\" data-id=\"52219cc\" data-element_type=\"widget\" data-e-type=\"widget\" data-widget_type=\"text-editor.default\">\n\t\t\t\t<div class=\"elementor-widget-container\">\n\t\t\t\t\t\t\t\t\t\n<h3 class=\"wp-block-heading\">Aviso Legal<\/h3>\n\n\n\n<p>Bienvenido a grupengind.es, un sitio web propiedad de Engind, una empresa de ingenier\u00eda registrada en Espa\u00f1a. Al acceder y utilizar nuestro sitio web, usted acepta los t\u00e9rminos y condiciones establecidos en este aviso legal. Si no est\u00e1 de acuerdo con estos t\u00e9rminos, por favor no utilice nuestro sitio web.<\/p>\n\n\n\n<h4 class=\"wp-block-heading\">Propiedad intelectual<\/h4>\n\n\n\n<p>Todos los contenidos del sitio web Engind.es, incluyendo texto, gr\u00e1ficos, im\u00e1genes, v\u00eddeos, sonidos, logotipos y marcas comerciales, son propiedad exclusiva de Engind y est\u00e1n protegidos por las leyes de propiedad intelectual de Espa\u00f1a y otros pa\u00edses .<\/p>\n\n\n\n<h4 class=\"wp-block-heading\">Uso del sitio web<\/h4>\n\n\n\n<p>Usted est\u00e1 autorizado a utilizar nuestro sitio web con fines legales y personales, siempre que respete todos los derechos de propiedad intelectual y no infrinja ninguna ley o regulaci\u00f3n. No puede utilizar nuestro sitio web para fines comerciales sin nuestro consentimiento previo por escrito.<\/p>\n\n\n\n<h4 class=\"wp-block-heading\">Limitaci\u00f3n de responsabilidad<\/h4>\n\n\n\n<p>Engind no se hace responsable de los da\u00f1os o perjuicios que puedan surgir del uso o imposibilidad de uso del sitio web o del contenido. Tampoco garantizamos que el sitio web est\u00e9 libre de errores, virus u otros componentes perjudiciales.<\/p>\n\n\n\n<h4 class=\"wp-block-heading\">Enlaces a otros sitios web<\/h4>\n\n\n\n<p>Engind.es puede incluir enlaces a otros sitios web de terceros. No somos responsables del contenido de estos sitios web y no garantizamos su exactitud, seguridad o fiabilidad. El uso de estos sitios web es bajo su propia responsabilidad.<\/p>\n\n\n\n<h4 class=\"wp-block-heading\">Privacidad<\/h4>\n\n\n\n<p>En Engind.es nos tomamos la privacidad de nuestros usuarios muy en serio. Consulte nuestra Pol\u00edtica de Privacidad para obtener m\u00e1s informaci\u00f3n sobre c\u00f3mo recopilamos y utilizamos su informaci\u00f3n personal.<\/p>\n\n\n\n<h4 class=\"wp-block-heading\">Modificaciones<\/h4>\n\n\n\n<p>Nos reservamos el derecho a modificar este aviso legal en cualquier momento. Cualquier modificaci\u00f3n ser\u00e1 efectiva inmediatamente despu\u00e9s de su publicaci\u00f3n en nuestro sitio web. Al continuar utilizando nuestro sitio web despu\u00e9s de cualquier modificaci\u00f3n, usted acepta los t\u00e9rminos y condiciones modificados.<\/p>\n\n\n\n<h4 class=\"wp-block-heading\">Contacto<\/h4>\n\n\n\n<p>Si tiene alguna pregunta o comentario sobre este aviso legal, por favor cont\u00e1ctenos en&nbsp;<a href=\"mailto:info@engind.es\">info@engind.es<\/a>.<\/p>\n\t\t\t\t\t\t\t\t<\/div>\n\t\t\t\t<\/div>\n\t\t\t\t\t<\/div>\n\t\t<\/div>\n\t\t\t\t\t<\/div>\n\t\t<\/section>\n\t\t\t\t<\/div>","protected":false},"excerpt":{"rendered":"<p>Av\u00eds Legal Benvingut a grupengind.es, un lloc web propietat de Engind, una empresa d&#8217;enginyeria registrada a Espanya. En accedir i utilitzar el nostre lloc web, vost\u00e8 accepta els termes i condicions establerts en aquest av\u00eds legal. Si no esteu d&#8217;acord amb aquests termes, si us plau no utilitzeu el nostre lloc web. Propietat intel\u00b7lectual Tots [&hellip;]<\/p>\n","protected":false},"author":1,"featured_media":0,"parent":0,"menu_order":0,"comment_status":"closed","ping_status":"closed","template":"","meta":{"_acf_changed":false,"_uag_custom_page_level_css":"","site-sidebar-layout":"default","site-content-layout":"","ast-site-content-layout":"default","site-content-style":"default","site-sidebar-style":"default","ast-global-header-display":"","ast-banner-title-visibility":"","ast-main-header-display":"","ast-hfb-above-header-display":"","ast-hfb-below-header-display":"","ast-hfb-mobile-header-display":"","site-post-title":"disabled","ast-breadcrumbs-content":"","ast-featured-img":"","footer-sml-layout":"","ast-disable-related-posts":"","theme-transparent-header-meta":"","adv-header-id-meta":"","stick-header-meta":"","header-above-stick-meta":"","header-main-stick-meta":"","header-below-stick-meta":"","astra-migrate-meta-layouts":"default","ast-page-background-enabled":"default","ast-page-background-meta":{"desktop":{"background-color":"var(--ast-global-color-4)","background-image":"","background-repeat":"repeat","background-position":"center center","background-size":"auto","background-attachment":"scroll","background-type":"","background-media":"","overlay-type":"","overlay-color":"","overlay-opacity":"","overlay-gradient":""},"tablet":{"background-color":"","background-image":"","background-repeat":"repeat","background-position":"center center","background-size":"auto","background-attachment":"scroll","background-type":"","background-media":"","overlay-type":"","overlay-color":"","overlay-opacity":"","overlay-gradient":""},"mobile":{"background-color":"","background-image":"","background-repeat":"repeat","background-position":"center center","background-size":"auto","background-attachment":"scroll","background-type":"","background-media":"","overlay-type":"","overlay-color":"","overlay-opacity":"","overlay-gradient":""}},"ast-content-background-meta":{"desktop":{"background-color":"var(--ast-global-color-5)","background-image":"","background-repeat":"repeat","background-position":"center center","background-size":"auto","background-attachment":"scroll","background-type":"","background-media":"","overlay-type":"","overlay-color":"","overlay-opacity":"","overlay-gradient":""},"tablet":{"background-color":"var(--ast-global-color-5)","background-image":"","background-repeat":"repeat","background-position":"center center","background-size":"auto","background-attachment":"scroll","background-type":"","background-media":"","overlay-type":"","overlay-color":"","overlay-opacity":"","overlay-gradient":""},"mobile":{"background-color":"var(--ast-global-color-5)","background-image":"","background-repeat":"repeat","background-position":"center center","background-size":"auto","background-attachment":"scroll","background-type":"","background-media":"","overlay-type":"","overlay-color":"","overlay-opacity":"","overlay-gradient":""}},"footnotes":""},"class_list":["post-391","page","type-page","status-publish","hentry"],"acf":[],"uagb_featured_image_src":{"full":false,"thumbnail":false,"medium":false,"medium_large":false,"large":false,"1536x1536":false,"2048x2048":false,"trp-custom-language-flag":false},"uagb_author_info":{"display_name":"francesc@articagency.com","author_link":"https:\/\/grupengind.com\/es\/author\/francescarticagency-com\/"},"uagb_comment_info":0,"uagb_excerpt":"Av\u00eds Legal Benvingut a grupengind.es, un lloc web propietat de Engind, una empresa d&#8217;enginyeria registrada a Espanya. En accedir i utilitzar el nostre lloc web, vost\u00e8 accepta els termes i condicions establerts en aquest av\u00eds legal. Si no esteu d&#8217;acord amb aquests termes, si us plau no utilitzeu el nostre lloc web. Propietat intel\u00b7lectual Tots&hellip;","_links":{"self":[{"href":"https:\/\/grupengind.com\/es\/wp-json\/wp\/v2\/pages\/391","targetHints":{"allow":["GET"]}}],"collection":[{"href":"https:\/\/grupengind.com\/es\/wp-json\/wp\/v2\/pages"}],"about":[{"href":"https:\/\/grupengind.com\/es\/wp-json\/wp\/v2\/types\/page"}],"author":[{"embeddable":true,"href":"https:\/\/grupengind.com\/es\/wp-json\/wp\/v2\/users\/1"}],"replies":[{"embeddable":true,"href":"https:\/\/grupengind.com\/es\/wp-json\/wp\/v2\/comments?post=391"}],"version-history":[{"count":6,"href":"https:\/\/grupengind.com\/es\/wp-json\/wp\/v2\/pages\/391\/revisions"}],"predecessor-version":[{"id":6916,"href":"https:\/\/grupengind.com\/es\/wp-json\/wp\/v2\/pages\/391\/revisions\/6916"}],"wp:attachment":[{"href":"https:\/\/grupengind.com\/es\/wp-json\/wp\/v2\/media?parent=391"}],"curies":[{"name":"wp","href":"https:\/\/api.w.org\/{rel}","templated":true}]}}